{"id":3780,"date":"2025-10-29T14:11:15","date_gmt":"2025-10-29T13:11:15","guid":{"rendered":"https:\/\/blackout.in\/?page_id=3780"},"modified":"2025-10-29T14:11:15","modified_gmt":"2025-10-29T13:11:15","slug":"questionario","status":"publish","type":"page","link":"https:\/\/blackout.in\/it\/questionario\/","title":{"rendered":"Questionario"},"content":{"rendered":"<div class='fluentform ff-default fluentform_wrapper_3 ffs_default_wrap'><form data-form_id=\"3\" id=\"fluentform_3\" class=\"frm-fluent-form fluent_form_3 ff-el-form-top ff_form_instance_3_1 ff-form-loading ff-form-has-steps ffs_default\" data-form_instance=\"ff_form_instance_3_1\" method=\"POST\" action=\"\" ><fieldset  style=\"border: none!important;margin: 0!important;padding: 0!important;background-color: transparent!important;box-shadow: none!important;outline: none!important; min-inline-size: 100%;\">\n                    <legend class=\"ff_screen_reader_title\" style=\"display: block; margin: 0!important;padding: 0!important;height: 0!important;text-indent: -999999px;width: 0!important;overflow:hidden;\">BRAND IDENTITY FORM<\/legend><input type='hidden' name='__fluent_form_embded_post_id' value='3780' \/><input type=\"hidden\" id=\"_fluentform_3_fluentformnonce\" name=\"_fluentform_3_fluentformnonce\" value=\"8a3fb9568a\" \/><input type=\"hidden\" name=\"_wp_http_referer\" value=\"\/it\/wp-json\/wp\/v2\/pages\/3780\" \/><div class='ff-step-container' data-name=\"step_start-3_11\" data-disable_auto_focus=\"no\" data-enable_auto_slider=\"no\" data-enable_step_data_persistency=\"no\" data-enable_step_page_resume=\"no\" data-animation_type=\"slide\" ><div class='ff-step-header'><div class='ff-el-progress-status'><\/div>\n            <div class='ff-el-progress'>\n                <div class='ff-el-progress-bar'><span><\/span><\/div>\n            <\/div>\n            <ul style='display: none' class='ff-el-progress-title'>\n                <li><\/li><li><\/li><li><\/li><li><\/li><li><\/li><li><\/li>\n            <\/ul><\/div><span class='ff_step_start'><\/span><div class='ff-step-body'><div class=\"fluentform-step active\" data-name=\"step_start-3_11\" data-disable_auto_focus=\"no\" data-enable_auto_slider=\"no\" data-enable_step_data_persistency=\"no\" data-enable_step_page_resume=\"no\" data-animation_type=\"slide\" ><div class='ff-el-group  ff-custom_html' tabindex='-1' data-name=\"custom_html-3_1\" ><h3 data-start=\"73\" data-end=\"112\"><strong data-start=\"77\" data-end=\"110\">1. Identit\u00e0 e Scopo del Brand<\/strong><\/h3><\/div><div class='ff-el-group'><div class=\"ff-el-input--label ff-el-is-required asterisk-right\"><label for='ff_3_description' id='label_ff_3_description' aria-label=\"Qual \u00e8 la missione del tuo brand?\">Qual \u00e8 la missione del tuo brand?<\/label><\/div><div class='ff-el-input--content'><textarea aria-required=\"true\" aria-labelledby=\"label_ff_3_description\" name=\"description\" id=\"ff_3_description\" class=\"ff-el-form-control\" placeholder=\"(Descrivi lo scopo e gli obiettivi che il tuo brand vuole raggiungere)\" rows=\"3\" cols=\"2\" data-name=\"description\" ><\/textarea><\/div><\/div><div class='ff-el-group'><div class=\"ff-el-input--label ff-el-is-required asterisk-right\"><label for='ff_3_description_1' id='label_ff_3_description_1' aria-label=\"Qual \u00e8 la visione del tuo brand?\">Qual \u00e8 la visione del tuo brand?<\/label><\/div><div class='ff-el-input--content'><textarea aria-required=\"true\" aria-labelledby=\"label_ff_3_description_1\" name=\"description_1\" id=\"ff_3_description_1\" class=\"ff-el-form-control\" placeholder=\"(Descrivi lo stato futuro desiderato per il tuo brand)\" rows=\"3\" cols=\"2\" data-name=\"description_1\" ><\/textarea><\/div><\/div><div class='ff-el-group'><div class=\"ff-el-input--label ff-el-is-required asterisk-right\"><label for='ff_3_description_2' id='label_ff_3_description_2' aria-label=\"Quali sono i valori fondamentali del tuo brand?\">Quali sono i valori fondamentali del tuo brand?<\/label><\/div><div class='ff-el-input--content'><textarea aria-required=\"true\" aria-labelledby=\"label_ff_3_description_2\" name=\"description_2\" id=\"ff_3_description_2\" class=\"ff-el-form-control\" placeholder=\"(Elenca i principi guida che definiscono la cultura e la personalit\u00e0 del tuo brand)\" rows=\"3\" cols=\"2\" data-name=\"description_2\" ><\/textarea><\/div><\/div><div class='ff-el-group'><div class=\"ff-el-input--label ff-el-is-required asterisk-right\"><label for='ff_3_description_3' id='label_ff_3_description_3' aria-label=\"Perch\u00e9 esiste il tuo brand al di l\u00e0 del profitto?\">Perch\u00e9 esiste il tuo brand al di l\u00e0 del profitto?<\/label><\/div><div class='ff-el-input--content'><textarea aria-required=\"true\" aria-labelledby=\"label_ff_3_description_3\" name=\"description_3\" id=\"ff_3_description_3\" class=\"ff-el-form-control\" placeholder=\"(Descrivi l&#039;impatto significativo che vuoi avere su clienti, societ\u00e0 o mondo)\" rows=\"3\" cols=\"2\" data-name=\"description_3\" ><\/textarea><\/div><\/div><div class='step-nav ff_step_nav_last'><button  type='button' data-action='prev' class='ff-btn ff-btn-prev ff-btn-secondary'>Previous<\/button><button  type='button' data-action='next' class='ff-float-right ff-btn ff-btn-next ff-btn-secondary'>Prosegui<\/button><\/div><\/div><div class=\"fluentform-step\" data-name=\"form_step-3_2\" ><div class='ff-el-group  ff-custom_html' tabindex='-1' data-name=\"custom_html-3_3\" ><h3 data-start=\"212\" data-end=\"250\"><strong data-start=\"216\" data-end=\"248\">2. Pubblico e Posizionamento<\/strong><\/h3><\/div><div class='ff-el-group'><div class=\"ff-el-input--label ff-el-is-required asterisk-right\"><label for='ff_3_description_4' id='label_ff_3_description_4' aria-label=\"Chi \u00e8 il tuo target di riferimento?\">Chi \u00e8 il tuo target di riferimento?<\/label><\/div><div class='ff-el-input--content'><textarea aria-required=\"true\" aria-labelledby=\"label_ff_3_description_4\" name=\"description_4\" id=\"ff_3_description_4\" class=\"ff-el-form-control\" placeholder=\"(Definisci il tuo pubblico ideale, includendo et\u00e0, interessi e bisogni)\" rows=\"3\" cols=\"2\" data-name=\"description_4\" ><\/textarea><\/div><\/div><div class='ff-el-group'><div class=\"ff-el-input--label ff-el-is-required asterisk-right\"><label for='ff_3_description_5' id='label_ff_3_description_5' aria-label=\"Cosa rende unico il tuo brand rispetto ai concorrenti?\">Cosa rende unico il tuo brand rispetto ai concorrenti?<\/label><\/div><div class='ff-el-input--content'><textarea aria-required=\"true\" aria-labelledby=\"label_ff_3_description_5\" name=\"description_5\" id=\"ff_3_description_5\" class=\"ff-el-form-control\" placeholder=\"(Descrivi la tua proposta di valore unica)\" rows=\"3\" cols=\"2\" data-name=\"description_5\" ><\/textarea><\/div><\/div><div class='ff-el-group'><div class=\"ff-el-input--label ff-el-is-required asterisk-right\"><label for='ff_3_description_7' id='label_ff_3_description_7' aria-label=\"Chi sono i tuoi principali concorrenti?\">Chi sono i tuoi principali concorrenti?<\/label><\/div><div class='ff-el-input--content'><textarea aria-required=\"true\" aria-labelledby=\"label_ff_3_description_7\" name=\"description_7\" id=\"ff_3_description_7\" class=\"ff-el-form-control\" placeholder=\"(Elenca i competitor e analizza i loro punti di forza e debolezza)\" rows=\"3\" cols=\"2\" data-name=\"description_7\" ><\/textarea><\/div><\/div><div class='ff-el-group'><div class=\"ff-el-input--label ff-el-is-required asterisk-right\"><label for='ff_3_description_6' id='label_ff_3_description_6' aria-label=\"Quale problema o necessit\u00e0 risolve il tuo brand?\">Quale problema o necessit\u00e0 risolve il tuo brand?<\/label><\/div><div class='ff-el-input--content'><textarea aria-required=\"true\" aria-labelledby=\"label_ff_3_description_6\" name=\"description_6\" id=\"ff_3_description_6\" class=\"ff-el-form-control\" placeholder=\"(Spiega come il tuo brand soddisfa un bisogno del mercato)\" rows=\"3\" cols=\"2\" data-name=\"description_6\" ><\/textarea><\/div><\/div><div class='step-nav ff_step_nav_last'><button  type='button' data-action='prev' class='ff-btn ff-btn-prev ff-btn-secondary'>Previous<\/button><button  type='button' data-action='next' class='ff-float-right ff-btn ff-btn-next ff-btn-secondary'>Prosegui<\/button><\/div><\/div><div class=\"fluentform-step\" data-name=\"form_step-3_4\" ><div class='ff-el-group  ff-custom_html' tabindex='-1' data-name=\"custom_html-3_5\" ><h3 data-start=\"345\" data-end=\"382\"><strong data-start=\"349\" data-end=\"380\">3. Comunicazione e Immagine<\/strong><\/h3><\/div><div class='ff-el-group'><div class=\"ff-el-input--label ff-el-is-required asterisk-right\"><label for='ff_3_description_8' id='label_ff_3_description_8' aria-label=\"Come vuoi che il tuo brand sia percepito?\">Come vuoi che il tuo brand sia percepito?<\/label><\/div><div class='ff-el-input--content'><textarea aria-required=\"true\" aria-labelledby=\"label_ff_3_description_8\" name=\"description_8\" id=\"ff_3_description_8\" class=\"ff-el-form-control\" placeholder=\"(Indica la reputazione e l&#039;immagine desiderata del tuo brand)\" rows=\"3\" cols=\"2\" data-name=\"description_8\" ><\/textarea><\/div><\/div><div class='ff-el-group'><div class=\"ff-el-input--label ff-el-is-required asterisk-right\"><label for='ff_3_description_9' id='label_ff_3_description_9' aria-label=\"Qual \u00e8 la storia del tuo brand?\">Qual \u00e8 la storia del tuo brand?<\/label><\/div><div class='ff-el-input--content'><textarea aria-required=\"true\" aria-labelledby=\"label_ff_3_description_9\" name=\"description_9\" id=\"ff_3_description_9\" class=\"ff-el-form-control\" placeholder=\"(Racconta le origini, le sfide e i successi del tuo brand)\" rows=\"3\" cols=\"2\" data-name=\"description_9\" ><\/textarea><\/div><\/div><div class='ff-el-group'><div class=\"ff-el-input--label ff-el-is-required asterisk-right\"><label for='ff_3_description_11' id='label_ff_3_description_11' aria-label=\"Come comunichi la tua storia al pubblico?\">Come comunichi la tua storia al pubblico?<\/label><\/div><div class='ff-el-input--content'><textarea aria-required=\"true\" aria-labelledby=\"label_ff_3_description_11\" name=\"description_11\" id=\"ff_3_description_11\" class=\"ff-el-form-control\" placeholder=\"(Social media, pubblicit\u00e0, interazioni con i clienti, ecc.)\" rows=\"3\" cols=\"2\" data-name=\"description_11\" ><\/textarea><\/div><\/div><div class='ff-el-group'><div class=\"ff-el-input--label ff-el-is-required asterisk-right\"><label for='ff_3_description_10' id='label_ff_3_description_10' aria-label=\"Quali brand ammiri e perch\u00e9?\">Quali brand ammiri e perch\u00e9?<\/label><\/div><div class='ff-el-input--content'><textarea aria-required=\"true\" aria-labelledby=\"label_ff_3_description_10\" name=\"description_10\" id=\"ff_3_description_10\" class=\"ff-el-form-control\" placeholder=\"(Elenca marchi che ti ispirano e spiega cosa ti piace di loro)\" rows=\"3\" cols=\"2\" data-name=\"description_10\" ><\/textarea><\/div><\/div><div class='ff-el-group'><div class=\"ff-el-input--label ff-el-is-required asterisk-right\"><label for='ff_3_description_12' id='label_ff_3_description_12' aria-label=\"Qual \u00e8 il tono di voce del tuo brand?\">Qual \u00e8 il tono di voce del tuo brand?<\/label><\/div><div class='ff-el-input--content'><textarea aria-required=\"true\" aria-labelledby=\"label_ff_3_description_12\" name=\"description_12\" id=\"ff_3_description_12\" class=\"ff-el-form-control\" placeholder=\"(Formale, informale, giocoso, autorevole, ecc.)\" rows=\"3\" cols=\"2\" data-name=\"description_12\" ><\/textarea><\/div><\/div><div class='ff-el-group'><div class=\"ff-el-input--label ff-el-is-required asterisk-right\"><label for='ff_3_description_13' id='label_ff_3_description_13' aria-label=\"Che tipo di esperienza vuoi creare per i tuoi clienti?\">Che tipo di esperienza vuoi creare per i tuoi clienti?<\/label><\/div><div class='ff-el-input--content'><textarea aria-required=\"true\" aria-labelledby=\"label_ff_3_description_13\" name=\"description_13\" id=\"ff_3_description_13\" class=\"ff-el-form-control\" placeholder=\"(Descrivi l&#039;interazione ideale tra il cliente e il tuo brand)\" rows=\"3\" cols=\"2\" data-name=\"description_13\" ><\/textarea><\/div><\/div><div class='step-nav ff_step_nav_last'><button  type='button' data-action='prev' class='ff-btn ff-btn-prev ff-btn-secondary'>Previous<\/button><button  type='button' data-action='next' class='ff-float-right ff-btn ff-btn-next ff-btn-secondary'>Prosegui<\/button><\/div><\/div><div class=\"fluentform-step\" data-name=\"form_step-3_6\" ><div class='ff-el-group  ff-custom_html' tabindex='-1' data-name=\"custom_html-3_7\" ><h3 data-start=\"499\" data-end=\"539\"><strong data-start=\"503\" data-end=\"537\">4. Branding Visivo e Marketing<\/strong><\/h3><\/div><div class='ff-el-group'><div class=\"ff-el-input--label ff-el-is-required asterisk-right\"><label for='ff_3_description_15' id='label_ff_3_description_15' aria-label=\"Che tipo di logo rappresenta meglio il tuo brand?\">Che tipo di logo rappresenta meglio il tuo brand?<\/label><\/div><div class='ff-el-input--content'><textarea aria-required=\"true\" aria-labelledby=\"label_ff_3_description_15\" name=\"description_15\" id=\"ff_3_description_15\" class=\"ff-el-form-control\" placeholder=\"(Icona, immagine, lettera o simbolo astratto)\" rows=\"3\" cols=\"2\" data-name=\"description_15\" ><\/textarea><\/div><\/div><div class='ff-el-group'><div class=\"ff-el-input--label ff-el-is-required asterisk-right\"><label for='ff_3_description_14' id='label_ff_3_description_14' aria-label=\"Quali colori, font e immagini rappresentano meglio il tuo brand?\">Quali colori, font e immagini rappresentano meglio il tuo brand?<\/label><\/div><div class='ff-el-input--content'><textarea aria-required=\"true\" aria-labelledby=\"label_ff_3_description_14\" name=\"description_14\" id=\"ff_3_description_14\" class=\"ff-el-form-control\" placeholder=\"(Definisci lo stile visivo che vuoi adottare)\" rows=\"3\" cols=\"2\" data-name=\"description_14\" ><\/textarea><\/div><\/div><div class='ff-el-group'><div class=\"ff-el-input--label ff-el-is-required asterisk-right\"><label for='ff_3_description_16' id='label_ff_3_description_16' aria-label=\"Quali canali utilizzerai per comunicare il tuo brand?\">Quali canali utilizzerai per comunicare il tuo brand?<\/label><\/div><div class='ff-el-input--content'><textarea aria-required=\"true\" aria-labelledby=\"label_ff_3_description_16\" name=\"description_16\" id=\"ff_3_description_16\" class=\"ff-el-form-control\" placeholder=\"(Es. social media, email marketing, content marketing, pubblicit\u00e0 tradizionale, mobile marketing)\" rows=\"3\" cols=\"2\" data-name=\"description_16\" ><\/textarea><\/div><\/div><div class='step-nav ff_step_nav_last'><button  type='button' data-action='prev' class='ff-btn ff-btn-prev ff-btn-secondary'>Previous<\/button><button  type='button' data-action='next' class='ff-float-right ff-btn ff-btn-next ff-btn-secondary'>Prosegui<\/button><\/div><\/div><div class=\"fluentform-step\" data-name=\"form_step-3_8\" ><div class='ff-el-group  ff-custom_html' tabindex='-1' data-name=\"custom_html-3_9\" ><h3 data-start=\"602\" data-end=\"635\"><strong data-start=\"606\" data-end=\"633\">5. Strategia e Crescita<\/strong><\/h3><\/div><div class='ff-el-group'><div class=\"ff-el-input--label ff-el-is-required asterisk-right\"><label for='ff_3_description_17' id='label_ff_3_description_17' aria-label=\"Qual \u00e8 il tuo obiettivo a lungo termine per il brand?\">Qual \u00e8 il tuo obiettivo a lungo termine per il brand?<\/label><\/div><div class='ff-el-input--content'><textarea aria-required=\"true\" aria-labelledby=\"label_ff_3_description_17\" name=\"description_17\" id=\"ff_3_description_17\" class=\"ff-el-form-control\" placeholder=\"(Es. espansione del mercato, innovazione di prodotto, riconoscimento globale)\" rows=\"3\" cols=\"2\" data-name=\"description_17\" ><\/textarea><\/div><\/div><div class='ff-el-group'><div class=\"ff-el-input--label ff-el-is-required asterisk-right\"><label for='ff_3_description_18' id='label_ff_3_description_18' aria-label=\"Quali sono i principali benefici del tuo prodotto o servizio?\">Quali sono i principali benefici del tuo prodotto o servizio?<\/label><\/div><div class='ff-el-input--content'><textarea aria-required=\"true\" aria-labelledby=\"label_ff_3_description_18\" name=\"description_18\" id=\"ff_3_description_18\" class=\"ff-el-form-control\" placeholder=\"(Descrivi il valore che offri ai tuoi clienti)\" rows=\"3\" cols=\"2\" data-name=\"description_18\" ><\/textarea><\/div><\/div><div class='ff-el-group'><div class=\"ff-el-input--label ff-el-is-required asterisk-right\"><label for='ff_3_description_19' id='label_ff_3_description_19' aria-label=\"Come il tuo brand contribuisce al bene comune?\">Come il tuo brand contribuisce al bene comune?<\/label><\/div><div class='ff-el-input--content'><textarea aria-required=\"true\" aria-labelledby=\"label_ff_3_description_19\" name=\"description_19\" id=\"ff_3_description_19\" class=\"ff-el-form-control\" placeholder=\"(Sostenibilit\u00e0, etica, iniziative di beneficenza, ecc.)\" rows=\"3\" cols=\"2\" data-name=\"description_19\" ><\/textarea><\/div><\/div><div class='step-nav ff_step_nav_last'><button  type='button' data-action='prev' class='ff-btn ff-btn-prev ff-btn-secondary'>Previous<\/button><button  type='button' data-action='next' class='ff-float-right ff-btn ff-btn-next ff-btn-secondary'>Prosegui<\/button><\/div><\/div><div class=\"fluentform-step\" data-name=\"form_step-3_10\" >        <div class=\"ff-step-t-container ff-inner_submit_container ff-column-container ff_columns_total_2\">\n            <div class=\"ff-t-cell ff-t-column-1\"><div class='step-nav ff_step_nav_last'><button  type='button' data-action='prev' class='ff-btn ff-btn-prev ff-btn-secondary'>Previous<\/button><\/div><\/div>\n            <div class=\"ff-t-cell ff-t-column-2\">\n                <div class='ff-el-group ff-text-left ff_submit_btn_wrapper'><button type=\"submit\" class=\"ff-btn ff-btn-submit ff-btn-md ff_btn_style\"  aria-label=\"Submit Form\">Submit Form<\/button><\/div>            <\/div>\n        <\/div>\n        <\/div><\/div><\/div>\n        <\/fieldset><input type=\"hidden\" name=\"trp-form-language\" value=\"it\"\/><\/form><div id='fluentform_3_errors' class='ff-errors-in-stack ff_form_instance_3_1 ff-form-loading_errors ff_form_instance_3_1_errors'><\/div><\/div>            <script type=\"text\/javascript\">\n                window.fluent_form_ff_form_instance_3_1 = {\"id\":\"3\",\"settings\":{\"layout\":{\"labelPlacement\":\"top\",\"helpMessagePlacement\":\"with_label\",\"errorMessagePlacement\":\"inline\",\"cssClassName\":\"\",\"asteriskPlacement\":\"asterisk-right\"},\"restrictions\":{\"denyEmptySubmission\":{\"enabled\":false}}},\"form_instance\":\"ff_form_instance_3_1\",\"form_id_selector\":\"fluentform_3\",\"rules\":{\"description\":{\"required\":{\"value\":true,\"message\":\"Questo campo \\u00e8 obbligatorio\",\"global_message\":\"This field is required\",\"global\":true}},\"description_1\":{\"required\":{\"value\":true,\"message\":\"Questo campo \\u00e8 obbligatorio\",\"global_message\":\"This field is required\",\"global\":true}},\"description_2\":{\"required\":{\"value\":true,\"message\":\"Questo campo \\u00e8 obbligatorio\",\"global_message\":\"This field is required\",\"global\":true}},\"description_3\":{\"required\":{\"value\":true,\"message\":\"Questo campo \\u00e8 obbligatorio\",\"global_message\":\"This field is required\",\"global\":true}},\"description_4\":{\"required\":{\"value\":true,\"message\":\"Questo campo \\u00e8 obbligatorio\",\"global_message\":\"This field is required\",\"global\":true}},\"description_5\":{\"required\":{\"value\":true,\"message\":\"Questo campo \\u00e8 obbligatorio\",\"global_message\":\"This field is required\",\"global\":true}},\"description_7\":{\"required\":{\"value\":true,\"message\":\"Questo campo \\u00e8 obbligatorio\",\"global_message\":\"This field is required\",\"global\":true}},\"description_6\":{\"required\":{\"value\":true,\"message\":\"Questo campo \\u00e8 obbligatorio\",\"global_message\":\"This field is required\",\"global\":true}},\"description_8\":{\"required\":{\"value\":true,\"message\":\"Questo campo \\u00e8 obbligatorio\",\"global_message\":\"This field is required\",\"global\":true}},\"description_9\":{\"required\":{\"value\":true,\"message\":\"Questo campo \\u00e8 obbligatorio\",\"global_message\":\"This field is required\",\"global\":true}},\"description_11\":{\"required\":{\"value\":true,\"message\":\"Questo campo \\u00e8 obbligatorio\",\"global_message\":\"This field is required\",\"global\":true}},\"description_10\":{\"required\":{\"value\":true,\"message\":\"Questo campo \\u00e8 obbligatorio\",\"global_message\":\"This field is required\",\"global\":true}},\"description_12\":{\"required\":{\"value\":true,\"message\":\"Questo campo \\u00e8 obbligatorio\",\"global_message\":\"This field is required\",\"global\":true}},\"description_13\":{\"required\":{\"value\":true,\"message\":\"Questo campo \\u00e8 obbligatorio\",\"global_message\":\"This field is required\",\"global\":true}},\"description_15\":{\"required\":{\"value\":true,\"message\":\"Questo campo \\u00e8 obbligatorio\",\"global_message\":\"This field is required\",\"global\":true}},\"description_14\":{\"required\":{\"value\":true,\"message\":\"Questo campo \\u00e8 obbligatorio\",\"global_message\":\"This field is required\",\"global\":true}},\"description_16\":{\"required\":{\"value\":true,\"message\":\"Questo campo \\u00e8 obbligatorio\",\"global_message\":\"This field is required\",\"global\":true}},\"description_17\":{\"required\":{\"value\":true,\"message\":\"Questo campo \\u00e8 obbligatorio\",\"global_message\":\"This field is required\",\"global\":true}},\"description_18\":{\"required\":{\"value\":true,\"message\":\"Questo campo \\u00e8 obbligatorio\",\"global_message\":\"This field is required\",\"global\":true}},\"description_19\":{\"required\":{\"value\":true,\"message\":\"Questo campo \\u00e8 obbligatorio\",\"global_message\":\"This field is required\",\"global\":true}}},\"debounce_time\":300};\n                            <\/script>","protected":false},"excerpt":{"rendered":"BRAND IDENTITY FORM 1. Identit\u00e0 e Scopo del BrandQual \u00e8 la missione del tuo brand?Qual \u00e8 la visione del tuo brand?Quali sono i valori fondamentali del tuo brand?Perch\u00e9 esiste il...","protected":false},"author":1,"featured_media":0,"parent":0,"menu_order":0,"comment_status":"closed","ping_status":"closed","template":"","meta":{"footnotes":""},"class_list":["post-3780","page","type-page","status-publish"],"yoast_head":"<!-- This site is optimized with the Yoast SEO Premium plugin v22.4 (Yoast SEO v27.2) - https:\/\/yoast.com\/product\/yoast-seo-premium-wordpress\/ -->\n<title>Questionario - Blackout Agency<\/title>\n<meta name=\"robots\" content=\"index, follow, max-snippet:-1, max-image-preview:large, max-video-preview:-1\" \/>\n<link rel=\"canonical\" href=\"https:\/\/blackout.in\/it\/questionario\/\" \/>\n<meta property=\"og:locale\" content=\"it_IT\" \/>\n<meta property=\"og:type\" content=\"article\" \/>\n<meta property=\"og:title\" content=\"Questionario\" \/>\n<meta property=\"og:url\" content=\"https:\/\/blackout.in\/it\/questionario\/\" \/>\n<meta property=\"og:site_name\" content=\"Blackout Agency\" \/>\n<meta property=\"article:publisher\" content=\"https:\/\/www.facebook.com\/BlackoutAgency\" \/>\n<meta property=\"og:image\" content=\"https:\/\/blackout.in\/wp-content\/uploads\/2024\/10\/Schermata-2024-10-04-alle-11.56.30.png\" \/>\n\t<meta property=\"og:image:width\" content=\"1637\" \/>\n\t<meta property=\"og:image:height\" content=\"654\" \/>\n\t<meta property=\"og:image:type\" content=\"image\/png\" \/>\n<meta name=\"twitter:card\" content=\"summary_large_image\" \/>\n<meta name=\"twitter:label1\" content=\"Tempo di lettura stimato\" \/>\n\t<meta name=\"twitter:data1\" content=\"1 minuto\" \/>\n<!-- \/ Yoast SEO Premium plugin. -->","yoast_head_json":{"title":"Questionario - Blackout Agency","robots":{"index":"index","follow":"follow","max-snippet":"max-snippet:-1","max-image-preview":"max-image-preview:large","max-video-preview":"max-video-preview:-1"},"canonical":"https:\/\/blackout.in\/it\/questionario\/","og_locale":"it_IT","og_type":"article","og_title":"Questionario","og_url":"https:\/\/blackout.in\/it\/questionario\/","og_site_name":"Blackout Agency","article_publisher":"https:\/\/www.facebook.com\/BlackoutAgency","og_image":[{"width":1637,"height":654,"url":"https:\/\/blackout.in\/wp-content\/uploads\/2024\/10\/Schermata-2024-10-04-alle-11.56.30.png","type":"image\/png"}],"twitter_card":"summary_large_image","twitter_misc":{"Tempo di lettura stimato":"1 minuto"},"schema":{"@context":"https:\/\/schema.org","@graph":[{"@type":"WebPage","@id":"https:\/\/blackout.in\/questionario\/","url":"https:\/\/blackout.in\/questionario\/","name":"Questionario - Blackout Agency","isPartOf":{"@id":"https:\/\/blackout.in\/#website"},"datePublished":"2025-10-29T13:11:15+00:00","inLanguage":"it-IT","potentialAction":[{"@type":"ReadAction","target":["https:\/\/blackout.in\/questionario\/"]}]},{"@type":"WebSite","@id":"https:\/\/blackout.in\/#website","url":"https:\/\/blackout.in\/","name":"Blackout Agency","description":"Consulenze creative","publisher":{"@id":"https:\/\/blackout.in\/#organization"},"potentialAction":[{"@type":"SearchAction","target":{"@type":"EntryPoint","urlTemplate":"https:\/\/blackout.in\/?s={search_term_string}"},"query-input":{"@type":"PropertyValueSpecification","valueRequired":true,"valueName":"search_term_string"}}],"inLanguage":"it-IT"},{"@type":"Organization","@id":"https:\/\/blackout.in\/#organization","name":"Blackout Agency","url":"https:\/\/blackout.in\/","logo":{"@type":"ImageObject","inLanguage":"it-IT","@id":"https:\/\/blackout.in\/#\/schema\/logo\/image\/","url":"https:\/\/blackout.in\/wp-content\/uploads\/2024\/05\/flavicon-blackout-nero.png","contentUrl":"https:\/\/blackout.in\/wp-content\/uploads\/2024\/05\/flavicon-blackout-nero.png","width":1273,"height":733,"caption":"Blackout Agency"},"image":{"@id":"https:\/\/blackout.in\/#\/schema\/logo\/image\/"},"sameAs":["https:\/\/www.facebook.com\/BlackoutAgency","https:\/\/www.linkedin.com\/company\/blackoutagency\/"],"publishingPrinciples":"https:\/\/blackout.in\/privacy-policy\/"}]}},"_links":{"self":[{"href":"https:\/\/blackout.in\/it\/wp-json\/wp\/v2\/pages\/3780","targetHints":{"allow":["GET"]}}],"collection":[{"href":"https:\/\/blackout.in\/it\/wp-json\/wp\/v2\/pages"}],"about":[{"href":"https:\/\/blackout.in\/it\/wp-json\/wp\/v2\/types\/page"}],"author":[{"embeddable":true,"href":"https:\/\/blackout.in\/it\/wp-json\/wp\/v2\/users\/1"}],"replies":[{"embeddable":true,"href":"https:\/\/blackout.in\/it\/wp-json\/wp\/v2\/comments?post=3780"}],"version-history":[{"count":1,"href":"https:\/\/blackout.in\/it\/wp-json\/wp\/v2\/pages\/3780\/revisions"}],"predecessor-version":[{"id":3783,"href":"https:\/\/blackout.in\/it\/wp-json\/wp\/v2\/pages\/3780\/revisions\/3783"}],"wp:attachment":[{"href":"https:\/\/blackout.in\/it\/wp-json\/wp\/v2\/media?parent=3780"}],"curies":[{"name":"wp","href":"https:\/\/api.w.org\/{rel}","templated":true}]}}